{"id":3298,"date":"2015-02-27T13:06:36","date_gmt":"2015-02-27T13:06:36","guid":{"rendered":"https:\/\/staging.apptec360.com\/?page_id=3298"},"modified":"2021-11-10T06:14:34","modified_gmt":"2021-11-10T06:14:34","slug":"preise","status":"publish","type":"page","link":"https:\/\/www.backup2023.apptec360.com\/de\/preise\/","title":{"rendered":"Preise"},"content":{"rendered":"<p>Preisliste:<br \/>\nOn-premise (in-house) oder cloud | pro Ger\u00e4t und Monat<\/p>\n<p>AppTec bietet Unternehmen eine kostenlose On-Premise-Lizenz f\u00fcr bis zu 25 Ger\u00e4te an.*<br \/>\nSCHOOL PACKAGE &#8211; F\u00fcr nur 0,39 \u20ac pro Monat und Ger\u00e4t inkl. Cloudhosting<\/p>","protected":false},"excerpt":{"rendered":"<p>Preisliste: On-premise (in-house) oder cloud | pro Ger\u00e4t und Monat AppTec bietet Unternehmen eine kostenlose On-Premise-Lizenz f\u00fcr bis zu 25 Ger\u00e4te an.* SCHOOL PACKAGE &#8211; F\u00fcr nur 0,39 \u20ac pro Monat und Ger\u00e4t inkl. Cloudhosting<\/p>\n","protected":false},"author":1,"featured_media":0,"parent":0,"menu_order":20,"comment_status":"closed","ping_status":"closed","template":"page-templates\/pricing-full-width_change.php","meta":[],"acf":[],"yoast_head":"<!-- This site is optimized with the Yoast SEO plugin v19.8 - https:\/\/yoast.com\/wordpress\/plugins\/seo\/ -->\n<title>Preise | APPTEC360\u00b0<\/title>\n<meta name=\"description\" content=\"Die aktuelle Preisliste von APPTEC360\u00b0 | Kostenlose On-Premise-Lizenz f\u00fcr bis zu 25 Ger\u00e4te \u00bb Jetzt weitere Informationen erfahren!\" \/>\n<meta name=\"robots\" content=\"noindex, follow, max-snippet:-1, max-image-preview:large, max-video-preview:-1\" \/>\n<meta property=\"og:locale\" content=\"de_DE\" \/>\n<meta property=\"og:type\" content=\"article\" \/>\n<meta property=\"og:title\" content=\"Preise | APPTEC360\u00b0\" \/>\n<meta property=\"og:description\" content=\"Die aktuelle Preisliste von APPTEC360\u00b0 | Kostenlose On-Premise-Lizenz f\u00fcr bis zu 25 Ger\u00e4te \u00bb Jetzt weitere Informationen erfahren!\" \/>\n<meta property=\"og:url\" content=\"https:\/\/www.backup2023.apptec360.com\/de\/preise\/\" \/>\n<meta property=\"og:site_name\" content=\"APPTEC360\u00b0\" \/>\n<meta property=\"article:publisher\" content=\"https:\/\/www.facebook.com\/Mobile.Device.Management.by.AppTec\/\" \/>\n<meta property=\"article:modified_time\" content=\"2021-11-10T06:14:34+00:00\" \/>\n<meta name=\"twitter:card\" content=\"summary_large_image\" \/>\n<meta name=\"twitter:site\" content=\"@AppTec360\" \/>\n<script type=\"application\/ld+json\" class=\"yoast-schema-graph\">{\"@context\":\"https:\/\/schema.org\",\"@graph\":[{\"@type\":\"WebPage\",\"@id\":\"https:\/\/www.backup2023.apptec360.com\/de\/preise\/\",\"url\":\"https:\/\/www.backup2023.apptec360.com\/de\/preise\/\",\"name\":\"Preise | APPTEC360\u00b0\",\"isPartOf\":{\"@id\":\"https:\/\/www.backup2023.apptec360.com\/#website\"},\"datePublished\":\"2015-02-27T13:06:36+00:00\",\"dateModified\":\"2021-11-10T06:14:34+00:00\",\"description\":\"Die aktuelle Preisliste von APPTEC360\u00b0 | Kostenlose On-Premise-Lizenz f\u00fcr bis zu 25 Ger\u00e4te \u00bb Jetzt weitere Informationen erfahren!\",\"breadcrumb\":{\"@id\":\"https:\/\/www.backup2023.apptec360.com\/de\/preise\/#breadcrumb\"},\"inLanguage\":\"de\",\"potentialAction\":[{\"@type\":\"ReadAction\",\"target\":[\"https:\/\/www.backup2023.apptec360.com\/de\/preise\/\"]}]},{\"@type\":\"BreadcrumbList\",\"@id\":\"https:\/\/www.backup2023.apptec360.com\/de\/preise\/#breadcrumb\",\"itemListElement\":[{\"@type\":\"ListItem\",\"position\":1,\"name\":\"Home\",\"item\":\"https:\/\/www.backup2023.apptec360.com\/de\/\"},{\"@type\":\"ListItem\",\"position\":2,\"name\":\"Preise\"}]},{\"@type\":\"WebSite\",\"@id\":\"https:\/\/www.backup2023.apptec360.com\/#website\",\"url\":\"https:\/\/www.backup2023.apptec360.com\/\",\"name\":\"APPTEC360\u00b0\",\"description\":\"Unified Endpoint Management\",\"publisher\":{\"@id\":\"https:\/\/www.backup2023.apptec360.com\/#organization\"},\"potentialAction\":[{\"@type\":\"SearchAction\",\"target\":{\"@type\":\"EntryPoint\",\"urlTemplate\":\"https:\/\/www.backup2023.apptec360.com\/?s={search_term_string}\"},\"query-input\":\"required name=search_term_string\"}],\"inLanguage\":\"de\"},{\"@type\":\"Organization\",\"@id\":\"https:\/\/www.backup2023.apptec360.com\/#organization\",\"name\":\"Apptec360 -\u00a0Unified Endpoint Management\",\"url\":\"https:\/\/www.backup2023.apptec360.com\/\",\"sameAs\":[\"https:\/\/www.linkedin.com\/authwall?trk=gf&amp;amp;amp;trkInfo=AQGQSgEuvpMYpwAAAWQ2264gCLPCmekNQCy2p0BN8MSoce8BvbQpyv9zKxIRGenz335t38qCQjyggAFCU3l-xhuMhtEn6t1EKPaa1o8milLdIvPOFAKRoNjKMGRP3Ru6k-fX-s8=&amp;amp;amp;originalReferer&amp;amp;amp;sessionRedirect=https:\/\/www.linkedin.com\/company\/apptec-gmbh\",\"https:\/\/www.youtube.com\/channel\/UCQUx_5uqkIRkMV89fZA_grQ\",\"https:\/\/www.facebook.com\/Mobile.Device.Management.by.AppTec\/\",\"https:\/\/twitter.com\/AppTec360\"],\"logo\":{\"@type\":\"ImageObject\",\"inLanguage\":\"de\",\"@id\":\"https:\/\/www.backup2023.apptec360.com\/#\/schema\/logo\/image\/\",\"url\":\"https:\/\/www.backup2023.apptec360.com\/wp-content\/uploads\/2018\/08\/logo.png\",\"contentUrl\":\"https:\/\/www.backup2023.apptec360.com\/wp-content\/uploads\/2018\/08\/logo.png\",\"width\":400,\"height\":73,\"caption\":\"Apptec360 -\u00a0Unified Endpoint Management\"},\"image\":{\"@id\":\"https:\/\/www.backup2023.apptec360.com\/#\/schema\/logo\/image\/\"}}]}<\/script>\n<!-- \/ Yoast SEO plugin. -->","yoast_head_json":{"title":"Preise | APPTEC360\u00b0","description":"Die aktuelle Preisliste von APPTEC360\u00b0 | Kostenlose On-Premise-Lizenz f\u00fcr bis zu 25 Ger\u00e4te \u00bb Jetzt weitere Informationen erfahren!","robots":{"index":"noindex","follow":"follow","max-snippet":"max-snippet:-1","max-image-preview":"max-image-preview:large","max-video-preview":"max-video-preview:-1"},"og_locale":"de_DE","og_type":"article","og_title":"Preise | APPTEC360\u00b0","og_description":"Die aktuelle Preisliste von APPTEC360\u00b0 | Kostenlose On-Premise-Lizenz f\u00fcr bis zu 25 Ger\u00e4te \u00bb Jetzt weitere Informationen erfahren!","og_url":"https:\/\/www.backup2023.apptec360.com\/de\/preise\/","og_site_name":"APPTEC360\u00b0","article_publisher":"https:\/\/www.facebook.com\/Mobile.Device.Management.by.AppTec\/","article_modified_time":"2021-11-10T06:14:34+00:00","twitter_card":"summary_large_image","twitter_site":"@AppTec360","schema":{"@context":"https:\/\/schema.org","@graph":[{"@type":"WebPage","@id":"https:\/\/www.backup2023.apptec360.com\/de\/preise\/","url":"https:\/\/www.backup2023.apptec360.com\/de\/preise\/","name":"Preise | APPTEC360\u00b0","isPartOf":{"@id":"https:\/\/www.backup2023.apptec360.com\/#website"},"datePublished":"2015-02-27T13:06:36+00:00","dateModified":"2021-11-10T06:14:34+00:00","description":"Die aktuelle Preisliste von APPTEC360\u00b0 | Kostenlose On-Premise-Lizenz f\u00fcr bis zu 25 Ger\u00e4te \u00bb Jetzt weitere Informationen erfahren!","breadcrumb":{"@id":"https:\/\/www.backup2023.apptec360.com\/de\/preise\/#breadcrumb"},"inLanguage":"de","potentialAction":[{"@type":"ReadAction","target":["https:\/\/www.backup2023.apptec360.com\/de\/preise\/"]}]},{"@type":"BreadcrumbList","@id":"https:\/\/www.backup2023.apptec360.com\/de\/preise\/#breadcrumb","itemListElement":[{"@type":"ListItem","position":1,"name":"Home","item":"https:\/\/www.backup2023.apptec360.com\/de\/"},{"@type":"ListItem","position":2,"name":"Preise"}]},{"@type":"WebSite","@id":"https:\/\/www.backup2023.apptec360.com\/#website","url":"https:\/\/www.backup2023.apptec360.com\/","name":"APPTEC360\u00b0","description":"Unified Endpoint Management","publisher":{"@id":"https:\/\/www.backup2023.apptec360.com\/#organization"},"potentialAction":[{"@type":"SearchAction","target":{"@type":"EntryPoint","urlTemplate":"https:\/\/www.backup2023.apptec360.com\/?s={search_term_string}"},"query-input":"required name=search_term_string"}],"inLanguage":"de"},{"@type":"Organization","@id":"https:\/\/www.backup2023.apptec360.com\/#organization","name":"Apptec360 -\u00a0Unified Endpoint Management","url":"https:\/\/www.backup2023.apptec360.com\/","sameAs":["https:\/\/www.linkedin.com\/authwall?trk=gf&amp;amp;amp;trkInfo=AQGQSgEuvpMYpwAAAWQ2264gCLPCmekNQCy2p0BN8MSoce8BvbQpyv9zKxIRGenz335t38qCQjyggAFCU3l-xhuMhtEn6t1EKPaa1o8milLdIvPOFAKRoNjKMGRP3Ru6k-fX-s8=&amp;amp;amp;originalReferer&amp;amp;amp;sessionRedirect=https:\/\/www.linkedin.com\/company\/apptec-gmbh","https:\/\/www.youtube.com\/channel\/UCQUx_5uqkIRkMV89fZA_grQ","https:\/\/www.facebook.com\/Mobile.Device.Management.by.AppTec\/","https:\/\/twitter.com\/AppTec360"],"logo":{"@type":"ImageObject","inLanguage":"de","@id":"https:\/\/www.backup2023.apptec360.com\/#\/schema\/logo\/image\/","url":"https:\/\/www.backup2023.apptec360.com\/wp-content\/uploads\/2018\/08\/logo.png","contentUrl":"https:\/\/www.backup2023.apptec360.com\/wp-content\/uploads\/2018\/08\/logo.png","width":400,"height":73,"caption":"Apptec360 -\u00a0Unified Endpoint Management"},"image":{"@id":"https:\/\/www.backup2023.apptec360.com\/#\/schema\/logo\/image\/"}}]}},"_links":{"self":[{"href":"https:\/\/www.backup2023.apptec360.com\/de\/wp-json\/wp\/v2\/pages\/3298"}],"collection":[{"href":"https:\/\/www.backup2023.apptec360.com\/de\/wp-json\/wp\/v2\/pages"}],"about":[{"href":"https:\/\/www.backup2023.apptec360.com\/de\/wp-json\/wp\/v2\/types\/page"}],"author":[{"embeddable":true,"href":"https:\/\/www.backup2023.apptec360.com\/de\/wp-json\/wp\/v2\/users\/1"}],"replies":[{"embeddable":true,"href":"https:\/\/www.backup2023.apptec360.com\/de\/wp-json\/wp\/v2\/comments?post=3298"}],"version-history":[{"count":1,"href":"https:\/\/www.backup2023.apptec360.com\/de\/wp-json\/wp\/v2\/pages\/3298\/revisions"}],"predecessor-version":[{"id":10023,"href":"https:\/\/www.backup2023.apptec360.com\/de\/wp-json\/wp\/v2\/pages\/3298\/revisions\/10023"}],"wp:attachment":[{"href":"https:\/\/www.backup2023.apptec360.com\/de\/wp-json\/wp\/v2\/media?parent=3298"}],"curies":[{"name":"wp","href":"https:\/\/api.w.org\/{rel}","templated":true}]}}